{"id":5361,"date":"2023-01-27T11:08:49","date_gmt":"2023-01-27T11:08:49","guid":{"rendered":"https:\/\/www.ags-demenagement.com\/outre-mer\/?page_id=5361"},"modified":"2023-03-23T06:44:23","modified_gmt":"2023-03-23T06:44:23","slug":"demandes-de-devis-metropole","status":"publish","type":"page","link":"https:\/\/www.ags-demenagement.com\/outre-mer\/demandes-de-devis-metropole\/","title":{"rendered":"DEMANDES DE DEVIS M\u00c9TROPOLE"},"content":{"rendered":"\n[et_pb_section fb_built=\u00a0\u00bb1&Prime; _builder_version=\u00a0\u00bb4.16&Prime; _module_preset=\u00a0\u00bbdefault\u00a0\u00bb custom_padding=\u00a0\u00bb16px||0px||false|false\u00a0\u00bb global_colors_info=\u00a0\u00bb{}\u00a0\u00bb][et_pb_row _builder_version=\u00a0\u00bb4.19.4&Prime; _module_preset=\u00a0\u00bbdefault\u00a0\u00bb width=\u00a0\u00bb90%\u00a0\u00bb max_width=\u00a0\u00bbnone\u00a0\u00bb custom_padding=\u00a0\u00bb4px||5px|||\u00a0\u00bb global_colors_info=\u00a0\u00bb{}\u00a0\u00bb][et_pb_column type=\u00a0\u00bb4_4&Prime; _builder_version=\u00a0\u00bb4.19.4&Prime; _module_preset=\u00a0\u00bbdefault\u00a0\u00bb global_colors_info=\u00a0\u00bb{}\u00a0\u00bb][et_pb_text _builder_version=\u00a0\u00bb4.19.4&Prime; _module_preset=\u00a0\u00bbdefault\u00a0\u00bb text_font=\u00a0\u00bbRoboto|700||on|||||\u00a0\u00bb text_text_color=\u00a0\u00bb#000000&Prime; text_font_size=\u00a0\u00bb120px\u00a0\u00bb text_line_height=\u00a0\u00bb1em\u00a0\u00bb header_font=\u00a0\u00bbRoboto|700||on|||||\u00a0\u00bb header_text_align=\u00a0\u00bbcenter\u00a0\u00bb header_text_color=\u00a0\u00bb#000000&Prime; header_font_size=\u00a0\u00bb100px\u00a0\u00bb width_tablet=\u00a0\u00bb90%\u00a0\u00bb width_phone=\u00a0\u00bb90%\u00a0\u00bb width_last_edited=\u00a0\u00bbon|phone\u00a0\u00bb module_alignment=\u00a0\u00bbcenter\u00a0\u00bb custom_margin=\u00a0\u00bb||75px||false|false\u00a0\u00bb custom_margin_tablet=\u00a0\u00bb||44px||false|false\u00a0\u00bb custom_margin_phone=\u00a0\u00bb||0px||false|false\u00a0\u00bb custom_margin_last_edited=\u00a0\u00bbon|phone\u00a0\u00bb hover_enabled=\u00a0\u00bb0&Prime; text_font_size_tablet=\u00a0\u00bb100px\u00a0\u00bb text_font_size_phone=\u00a0\u00bb56px\u00a0\u00bb text_font_size_last_edited=\u00a0\u00bbon|phone\u00a0\u00bb header_font_size_tablet=\u00a0\u00bb80px\u00a0\u00bb header_font_size_phone=\u00a0\u00bb40px\u00a0\u00bb header_font_size_last_edited=\u00a0\u00bbon|phone\u00a0\u00bb custom_css_main_element=\u00a0\u00bboverflow-wrap: normal;\u00a0\u00bb global_colors_info=\u00a0\u00bb{}\u00a0\u00bb sticky_enabled=\u00a0\u00bb0&Prime;]<h1><strong>D\u00c9M\u00c9NAGEZ EN M\u00c9TROPOLE<\/strong><\/h1>[\/et_pb_text][\/et_pb_column][\/et_pb_row][et_pb_row column_structure=\u00a0\u00bb1_2,1_2&Prime; use_custom_gutter=\u00a0\u00bbon\u00a0\u00bb gutter_width=\u00a0\u00bb1&Prime; make_equal=\u00a0\u00bbon\u00a0\u00bb _builder_version=\u00a0\u00bb4.16&Prime; _module_preset=\u00a0\u00bbdefault\u00a0\u00bb width=\u00a0\u00bb100%\u00a0\u00bb max_width=\u00a0\u00bb100%\u00a0\u00bb custom_padding=\u00a0\u00bb20px||0px||false|false\u00a0\u00bb global_colors_info=\u00a0\u00bb{}\u00a0\u00bb][et_pb_column type=\u00a0\u00bb1_2&Prime; _builder_version=\u00a0\u00bb4.16&Prime; _module_preset=\u00a0\u00bbdefault\u00a0\u00bb custom_padding=\u00a0\u00bb|110px|0px|110px|false|true\u00a0\u00bb custom_padding_tablet=\u00a0\u00bb|50px||50px|false|true\u00a0\u00bb custom_padding_phone=\u00a0\u00bb|20px||20px|false|true\u00a0\u00bb custom_padding_last_edited=\u00a0\u00bbon|phone\u00a0\u00bb global_colors_info=\u00a0\u00bb{}\u00a0\u00bb][et_pb_text _builder_version=\u00a0\u00bb4.19.4&Prime; _module_preset=\u00a0\u00bbdefault\u00a0\u00bb text_font=\u00a0\u00bbRoboto|||on|||||\u00a0\u00bb text_text_color=\u00a0\u00bb#000000&Prime; text_font_size=\u00a0\u00bb55px\u00a0\u00bb text_line_height=\u00a0\u00bb1em\u00a0\u00bb text_orientation=\u00a0\u00bbcenter\u00a0\u00bb custom_margin=\u00a0\u00bb||30px||false|false\u00a0\u00bb custom_padding=\u00a0\u00bb||||false|false\u00a0\u00bb text_font_size_tablet=\u00a0\u00bb60px\u00a0\u00bb text_font_size_phone=\u00a0\u00bb30px\u00a0\u00bb text_font_size_last_edited=\u00a0\u00bbon|phone\u00a0\u00bb custom_css_main_element=\u00a0\u00bboverflow-wrap: normal;\u00a0\u00bb global_colors_info=\u00a0\u00bb{}\u00a0\u00bb]<p>Demandes de devis<\/p>[\/et_pb_text][et_pb_text _builder_version=\u00a0\u00bb4.16&Prime; _module_preset=\u00a0\u00bbdefault\u00a0\u00bb text_font=\u00a0\u00bbRoboto|300|||||||\u00a0\u00bb text_text_color=\u00a0\u00bb#000000&Prime; text_line_height=\u00a0\u00bb1em\u00a0\u00bb custom_margin=\u00a0\u00bb||80px||false|false\u00a0\u00bb custom_margin_tablet=\u00a0\u00bb||50px||false|false\u00a0\u00bb custom_margin_phone=\u00a0\u00bb||10px||false|false\u00a0\u00bb custom_margin_last_edited=\u00a0\u00bbon|phone\u00a0\u00bb global_colors_info=\u00a0\u00bb{}\u00a0\u00bb]<p>Merci de bien vouloir remplir le formulaire ci-dessous.<\/p>\n<p>Un expert AGS D\u00e9m\u00e9nagements Outre-Mer vous contactera rapidement<\/p>[\/et_pb_text][dvppl_cf7_styler form_bg=\u00a0\u00bbRGBA(255,255,255,0)\u00a0\u00bb cf7=\u00a0\u00bb2207&Prime; form_background_color=\u00a0\u00bb#ededed\u00a0\u00bb form_field_spacing=\u00a0\u00bb0px\u00a0\u00bb cr_custom_styles=\u00a0\u00bbon\u00a0\u00bb cr_size=\u00a0\u00bb10px\u00a0\u00bb cr_background_color=\u00a0\u00bb#ededed\u00a0\u00bb cr_selected_color=\u00a0\u00bbgcid-463f853a-2978-47cc-a55b-21f6c32b018f\u00a0\u00bb cr_border_color=\u00a0\u00bbRGBA(255,255,255,0)\u00a0\u00bb cf7_message_alignment=\u00a0\u00bbright\u00a0\u00bb cf7_error_border_color=\u00a0\u00bb#7CDA24&Prime; _builder_version=\u00a0\u00bb4.16&Prime; _module_preset=\u00a0\u00bbdefault\u00a0\u00bb form_field_font_font=\u00a0\u00bbRoboto||||||||\u00a0\u00bb form_field_font_text_align=\u00a0\u00bbleft\u00a0\u00bb form_field_font_text_color=\u00a0\u00bb#000000&Prime; placeholder_text_color=\u00a0\u00bb#666666&Prime; custom_submit_button=\u00a0\u00bbon\u00a0\u00bb submit_button_text_size=\u00a0\u00bb14px\u00a0\u00bb submit_button_text_color=\u00a0\u00bb#FFFFFF\u00a0\u00bb submit_button_bg_color=\u00a0\u00bb#b91c25&Prime; submit_button_border_width=\u00a0\u00bb0px\u00a0\u00bb submit_button_border_radius=\u00a0\u00bb100px\u00a0\u00bb submit_button_letter_spacing=\u00a0\u00bb2px\u00a0\u00bb submit_button_font=\u00a0\u00bbRoboto|700||on|||||\u00a0\u00bb submit_button_custom_padding=\u00a0\u00bb20px||20px||true|true\u00a0\u00bb custom_margin=\u00a0\u00bb||||false|false\u00a0\u00bb custom_padding=\u00a0\u00bb||||false|false\u00a0\u00bb border_radii_field=\u00a0\u00bbon|15px|15px|15px|15px\u00a0\u00bb border_width_all_field=\u00a0\u00bb1px\u00a0\u00bb border_color_all_field=\u00a0\u00bbRGBA(255,255,255,0)\u00a0\u00bb global_colors_info=\u00a0\u00bb{%22gcid-463f853a-2978-47cc-a55b-21f6c32b018f%22:%91%22cr_selected_color%22%93}\u00a0\u00bb][\/dvppl_cf7_styler][et_pb_code _builder_version=\u00a0\u00bb4.16&Prime; _module_preset=\u00a0\u00bbdefault\u00a0\u00bb global_colors_info=\u00a0\u00bb{}\u00a0\u00bb]<style><!-- [et_pb_line_break_holder] -->  .form-select {<!-- [et_pb_line_break_holder] -->    position: relative;<!-- [et_pb_line_break_holder] -->  }<!-- [et_pb_line_break_holder] --> \t.form-select select {<!-- [et_pb_line_break_holder] -->  \tappearance: none;<!-- [et_pb_line_break_holder] -->\t}<!-- [et_pb_line_break_holder] -->  .form-select img {<!-- [et_pb_line_break_holder] -->    pointer-events: none;<!-- [et_pb_line_break_holder] -->    position: absolute;<!-- [et_pb_line_break_holder] -->    bottom: 7px;<!-- [et_pb_line_break_holder] -->    right: 7px;<!-- [et_pb_line_break_holder] -->  }<!-- [et_pb_line_break_holder] --><\/style>[\/et_pb_code][\/et_pb_column][et_pb_column type=\u00a0\u00bb1_2&Prime; module_id=\u00a0\u00bbslider-contact\u00a0\u00bb _builder_version=\u00a0\u00bb4.16&Prime; _module_preset=\u00a0\u00bbdefault\u00a0\u00bb custom_padding=\u00a0\u00bb||0px||false|false\u00a0\u00bb custom_css_main_element=\u00a0\u00bbz-index: 1&Prime; global_colors_info=\u00a0\u00bb{}\u00a0\u00bb][et_pb_image src=\u00a0\u00bbhttps:\/\/www.ags-demenagement.com\/outre-merwp-content\/uploads\/2022\/12\/female_laptop_online_2231710273.jpg\u00a0\u00bb title_text=\u00a0\u00bbfemale_laptop_online_2231710273&Prime; _builder_version=\u00a0\u00bb4.19.4&Prime; _module_preset=\u00a0\u00bbdefault\u00a0\u00bb min_height=\u00a0\u00bb100%\u00a0\u00bb min_height_tablet=\u00a0\u00bb100%\u00a0\u00bb min_height_phone=\u00a0\u00bb500px\u00a0\u00bb min_height_last_edited=\u00a0\u00bbon|phone\u00a0\u00bb height=\u00a0\u00bb100%\u00a0\u00bb max_height=\u00a0\u00bb100%\u00a0\u00bb global_colors_info=\u00a0\u00bb{}\u00a0\u00bb][\/et_pb_image][et_pb_image src=\u00a0\u00bbhttps:\/\/www.ags-demenagement.com\/outre-mer\/wp-content\/uploads\/2022\/12\/Family-moving-scaled.jpg\u00a0\u00bb alt=\u00a0\u00bbAGS d\u00e9m\u00e9nage des familles\u00a0\u00bb title_text=\u00a0\u00bbFamily moving\u00a0\u00bb _builder_version=\u00a0\u00bb4.19.4&Prime; _module_preset=\u00a0\u00bbdefault\u00a0\u00bb min_height_tablet=\u00a0\u00bb\u00a0\u00bb min_height_phone=\u00a0\u00bb500px\u00a0\u00bb min_height_last_edited=\u00a0\u00bbon|desktop\u00a0\u00bb height=\u00a0\u00bb100%\u00a0\u00bb max_height=\u00a0\u00bb100%\u00a0\u00bb global_colors_info=\u00a0\u00bb{}\u00a0\u00bb][\/et_pb_image][\/et_pb_column][\/et_pb_row][et_pb_row module_class=\u00a0\u00bbslider-home-dots\u00a0\u00bb _builder_version=\u00a0\u00bb4.16&Prime; _module_preset=\u00a0\u00bbdefault\u00a0\u00bb background_color=\u00a0\u00bb#FFFFFF\u00a0\u00bb max_width=\u00a0\u00bb480px\u00a0\u00bb custom_padding=\u00a0\u00bb0px|0px|0px|0px|true|false\u00a0\u00bb custom_css_main_element=\u00a0\u00bbposition: absolute;||right: 0;||bottom: 0;||z-index: 2;\u00a0\u00bb global_colors_info=\u00a0\u00bb{}\u00a0\u00bb][et_pb_column type=\u00a0\u00bb4_4&Prime; _builder_version=\u00a0\u00bb4.16&Prime; _module_preset=\u00a0\u00bbdefault\u00a0\u00bb global_colors_info=\u00a0\u00bb{}\u00a0\u00bb][\/et_pb_column][\/et_pb_row][et_pb_row _builder_version=\u00a0\u00bb4.16&Prime; _module_preset=\u00a0\u00bbdefault\u00a0\u00bb width=\u00a0\u00bb0%\u00a0\u00bb max_width=\u00a0\u00bb0px\u00a0\u00bb min_height=\u00a0\u00bb0px\u00a0\u00bb height=\u00a0\u00bb0px\u00a0\u00bb max_height=\u00a0\u00bb0px\u00a0\u00bb custom_margin=\u00a0\u00bb0px|0px|0px|0px|true|true\u00a0\u00bb custom_padding=\u00a0\u00bb0px|0px|0px|0px|true|true\u00a0\u00bb global_colors_info=\u00a0\u00bb{}\u00a0\u00bb][et_pb_column type=\u00a0\u00bb4_4&Prime; _builder_version=\u00a0\u00bb4.16&Prime; _module_preset=\u00a0\u00bbdefault\u00a0\u00bb global_colors_info=\u00a0\u00bb{}\u00a0\u00bb][et_pb_code _builder_version=\u00a0\u00bb4.19.4&Prime; _module_preset=\u00a0\u00bbdefault\u00a0\u00bb global_colors_info=\u00a0\u00bb{}\u00a0\u00bb]<script><!-- [et_pb_line_break_holder] -->$('#slider-contact').slick({<!-- [et_pb_line_break_holder] -->  dots: true,<!-- [et_pb_line_break_holder] -->  appendDots: $('.slider-home-dots'),<!-- [et_pb_line_break_holder] -->  arrows: false,<!-- [et_pb_line_break_holder] -->  infinite: true,<!-- [et_pb_line_break_holder] -->  speed: 500,<!-- [et_pb_line_break_holder] -->  fade: true,<!-- [et_pb_line_break_holder] -->  cssEase: 'linear',<!-- [et_pb_line_break_holder] -->  slidesToShow: 1,<!-- [et_pb_line_break_holder] -->  slidesToScroll: 1,<!-- [et_pb_line_break_holder] -->  autoplay: true,<!-- [et_pb_line_break_holder] -->  autoplaySpeed: 5000,<!-- [et_pb_line_break_holder] -->});<!-- [et_pb_line_break_holder] -->$('.slider-home-dots button').each(function (){<!-- [et_pb_line_break_holder] -->  $(this).html('0'+ $(this).html())<!-- [et_pb_line_break_holder] -->})<!-- [et_pb_line_break_holder] -->$('#arrow-scroll-down').click(function(){<!-- [et_pb_line_break_holder] -->  $('html,body').animate({scrollTop: $('#pannel-islands').offset().top},'slow');<!-- [et_pb_line_break_holder] -->})<!-- [et_pb_line_break_holder] -->  <!-- [et_pb_line_break_holder] -->$( \".wpcf7-form-control\" ).change(function() {<!-- [et_pb_line_break_holder] -->  setTimeout(() => {<!-- [et_pb_line_break_holder] --> }, \"100\")<!-- [et_pb_line_break_holder] -->  <!-- [et_pb_line_break_holder] -->});<!-- [et_pb_line_break_holder] -->  <!-- [et_pb_line_break_holder] -->  $(\"#form-iles1\").on('change', function() {<!-- [et_pb_line_break_holder] -->    if (($(this).val() == 'M\u00e9tropole') || ($(\"#form-iles2\").val() == 'M\u00e9tropole')){<!-- [et_pb_line_break_holder] -->        $(\"#form-departments-area\").show()<!-- [et_pb_line_break_holder] -->    } else {<!-- [et_pb_line_break_holder] -->        $(\"#form-departments-area\").hide()<!-- [et_pb_line_break_holder] -->    }<!-- [et_pb_line_break_holder] -->});<!-- [et_pb_line_break_holder] -->  <!-- [et_pb_line_break_holder] -->  $(\"#form-iles2\").on('change', function() {<!-- [et_pb_line_break_holder] -->    if (($(this).val() == 'M\u00e9tropole') || ($(\"#form-iles1\").val() == 'M\u00e9tropole')){<!-- [et_pb_line_break_holder] -->        $(\"#form-departments-area\").show()<!-- [et_pb_line_break_holder] -->    } else {<!-- [et_pb_line_break_holder] -->        $(\"#form-departments-area\").hide()<!-- [et_pb_line_break_holder] -->    }<!-- [et_pb_line_break_holder] -->});<!-- [et_pb_line_break_holder] --><\/script>[\/et_pb_code][\/et_pb_column][\/et_pb_row][\/et_pb_section]\n","protected":false},"excerpt":{"rendered":"<p>D\u00c9M\u00c9NAGEZ EN M\u00c9TROPOLEDemandes de devisMerci de bien vouloir remplir le formulaire ci-dessous. Un expert AGS D\u00e9m\u00e9nagements Outre-Mer vous contactera rapidement<div class=\"et_pb_with_border et_pb_module dvppl_cf7_styler dvppl_cf7_styler_0\">\n\t\t\t\t\n\t\t\t\t\n\t\t\t\t\n\t\t\t\t\n\t\t\t\t\n\t\t\t\t\n\t\t\t\t<div class=\"et_pb_module_inner\">\n\t\t\t\t\t<div class=\"dipe-cf7-container dipe-cf7-button-left\">\n\t\t\t\t\n\t\t\t\t<div class=\"dipe-cf7 dipe-cf7-styler dipe-cf7-cr\">\n\t\t\t\t\t\n<div class=\"wpcf7 no-js\" id=\"wpcf7-f2207-o1\" lang=\"fr-FR\" dir=\"ltr\">\n<div class=\"screen-reader-response\"><p role=\"status\" aria-live=\"polite\" aria-atomic=\"true\"><\/p> <ul><\/ul><\/div>\n<form action=\"\/outre-mer\/wp-json\/wp\/v2\/pages\/5361#wpcf7-f2207-o1\" method=\"post\" class=\"wpcf7-form init\" aria-label=\"Formulaire de contact\" novalidate=\"novalidate\" data-status=\"init\">\n<div style=\"display: none;\">\n<input type=\"hidden\" name=\"_wpcf7\" value=\"2207\" \/>\n<input type=\"hidden\" name=\"_wpcf7_version\" value=\"5.7.7\" \/>\n<input type=\"hidden\" name=\"_wpcf7_locale\" value=\"fr_FR\" \/>\n<input type=\"hidden\" name=\"_wpcf7_unit_tag\" value=\"wpcf7-f2207-o1\" \/>\n<input type=\"hidden\" name=\"_wpcf7_container_post\" value=\"0\" \/>\n<input type=\"hidden\" name=\"_wpcf7_posted_data_hash\" value=\"\" \/>\n<input type=\"hidden\" name=\"_wpcf7cf_hidden_group_fields\" value=\"[]\" \/>\n<input type=\"hidden\" name=\"_wpcf7cf_hidden_groups\" value=\"[]\" \/>\n<input type=\"hidden\" name=\"_wpcf7cf_visible_groups\" value=\"[]\" \/>\n<input type=\"hidden\" name=\"_wpcf7cf_repeaters\" value=\"[]\" \/>\n<input type=\"hidden\" name=\"_wpcf7cf_steps\" value=\"{}\" \/>\n<input type=\"hidden\" name=\"_wpcf7cf_options\" value=\"{&quot;form_id&quot;:2207,&quot;conditions&quot;:[],&quot;settings&quot;:{&quot;animation&quot;:&quot;yes&quot;,&quot;animation_intime&quot;:200,&quot;animation_outtime&quot;:200,&quot;conditions_ui&quot;:&quot;normal&quot;,&quot;notice_dismissed&quot;:false}}\" \/>\n<input type=\"hidden\" name=\"_wpcf7_recaptcha_response\" value=\"\" \/>\n<\/div>\n<p><span>Vos coordonn\u00e9es<\/span><br \/>\n<div class='one_half'>\n\t\t\t\t\t<label><span class=\"wpcf7-form-control-wrap\" data-name=\"your-name\"><input size=\"40\" class=\"wpcf7-form-control wpcf7-text wpcf7-validates-as-required\" aria-required=\"true\" aria-invalid=\"false\" placeholder=\"Pr\u00e9nom *\" value=\"\" type=\"text\" name=\"your-name\" \/><\/span><\/label>\n\t\t\t\t<\/div><div class='one_half et_column_last'>\n\t\t\t\t\t<label><span class=\"wpcf7-form-control-wrap\" data-name=\"your-l-name\"><input size=\"40\" class=\"wpcf7-form-control wpcf7-text wpcf7-validates-as-required\" aria-required=\"true\" aria-invalid=\"false\" placeholder=\"Nom *\" value=\"\" type=\"text\" name=\"your-l-name\" \/><\/span><\/label>\n\t\t\t\t<\/div><div class='clear'><\/div><div class='one_half'>\n\t\t\t\t\t<label><span class=\"wpcf7-form-control-wrap\" data-name=\"your-email\"><input size=\"40\" class=\"wpcf7-form-control wpcf7-text wpcf7-email wpcf7-validates-as-required wpcf7-validates-as-email\" aria-required=\"true\" aria-invalid=\"false\" placeholder=\"Email *\" value=\"\" type=\"email\" name=\"your-email\" \/><\/span><\/label>\n\t\t\t\t<\/div><div class='one_half et_column_last'>\n\t\t\t\t\t<label><span class=\"wpcf7-form-control-wrap\" data-name=\"your-phone\"><input size=\"40\" class=\"wpcf7-form-control wpcf7-text wpcf7-validates-as-required\" id=\"form-phonenumberonly\" aria-required=\"true\" aria-invalid=\"false\" placeholder=\"T\u00e9l\u00e9phone *\" value=\"\" type=\"text\" name=\"your-phone\" \/><\/span><\/label>\n\t\t\t\t<\/div><div class='clear'><\/div>\n<\/p>\n<p><div class='one_half'>\n\t\t\t\t\t<\/p>\n<div class=\"form-select\">\n\t<p><span>S\u00e9l\u00e9ctionnez un lieu de d\u00e9part<\/span>\n\n    <span class=\"wpcf7-form-control-wrap\" data-name=\"menu-iles-1\">\n        <select class=\"wpcf7-form-control wpcf7-select country_dropdowns\" style=\"color:#666!important;\" data-type=\"departure\" id=\"form-iles1\" aria-required=\"true\" aria-invalid=\"false\" name=\"menu-iles-1\">\n        <option value=\"\">D\u00e9part *<\/option>\n        <option value=\"GP\">Guadeloupe<\/option><option value=\"GF\">Guyane fran\u00e7aise<\/option><option value=\"MQ\">Martinique<\/option><option value=\"YT\">Mayotte (Ile)<\/option><option value=\"NC\">Nouvelle-Cal\u00e9donie<\/option><option value=\"PF\">Polyn\u00e9sie Fran\u00e7aise<\/option><option value=\"RE\">R\u00e9union<\/option><option value=\"FR\">M\u00e9tropole<\/option>\n        <\/select>\n        <span class=\"dd_req_label\" id=\"req_label_departure\"><\/span>\n    <\/span>\n    \n    <img decoding=\"async\" style=\"top:35px;\" src=\"\/outre-mer\/wp-content\/uploads\/2022\/07\/Arrow_select.png\">\n    \n\n    \n    \n        <script>\n            $(document).ready(function(){\n                $(\".zip_code\").hide().val(\" \");\n                \n                $(\".country_dropdowns\").change(function(){\n                    if ($(this).val() == \"FR\") {\n                        $(\"#\" + $(this).data(\"type\") + \"_zip_code\").show();\n                        $(\"#\" + $(this).data(\"type\") + \"_zip_code\").val(\"\");\n                        \/\/$(\"#\" + $(this).data(\"type\") + \"_zip_code\").addClass(\"wpcf7-validates-as-required\");\n                    } else {\n                        $(\"#\" + $(this).data(\"type\") + \"_zip_code\").hide();\n                        $(\"#\" + $(this).data(\"type\") + \"_zip_code\").val(\" \");\n                        \/\/$(\"#\" + $(this).data(\"type\") + \"_zip_code\").removeClass(\"wpcf7-validates-as-required\");\n                    }\n                })\n\n                \n            \n                $(\".wpcf7-submit\").click(function(e){\n                    $(\".dd_req_label\").html(\"\");\n\n                    if ($(\"#your-services\").val() == \"Votre demande concerne*\") {\n                        $(\"#your-services\").addClass(\"error-text\");\n                        $(\"#req_label_your-services\").html(\"<span class='wpcf7-not-valid-tip ' aria-hidden='true'>champs obligatoires<\/span>\");\n                        console.log(\"error your-services\");\n                    }\n\n                    $( \".country_dropdowns\" ).each(function( index ) {\n                        if ($(this).is(\":visible\") && $(this).val() == \"\" ) {\n                            $(this).attr(\"aria-invalid\", \"false\");\n                            $(\"#req_label_\" + $(this).data(\"type\")).html(\"<span class='wpcf7-not-valid-tip ' aria-hidden='true'>champs obligatoires<\/span>\");\n                            console.log(\"error\");\n                        }\n                    });\n\n                    $( \".dd_req_label\" ).each(function( index ) {\n                        if ($(this).html() != \"\" ) {\n                            \n                            e.preventDefault();\n                            return false;\n                        }\n                    });\n                })\n            });\n        <\/script>\n\t<\/p>\n<\/div>\n<p><span class=\"wpcf7-form-control-wrap\" data-name=\"departure_zip_code\"><input size=\"40\" class=\"wpcf7-form-control wpcf7-text wpcf7-validates-as-required zip_code\" id=\"departure_zip_code\" aria-required=\"true\" aria-invalid=\"false\" placeholder=\"Code postal *\" value=\"\" type=\"text\" name=\"departure_zip_code\" \/><\/span>\n<span class=\"wpcf7-form-control-wrap\" data-name=\"departure_address\"><input size=\"40\" class=\"wpcf7-form-control wpcf7-text\" aria-invalid=\"false\" placeholder=\"Adresse de d\u00e9part\" value=\"\" type=\"text\" name=\"departure_address\" \/><\/span>\n<\/p>\n\t\t\t\t<\/div>\n<\/p>\n<p><div class='one_half et_column_last'>\n\t\t\t\t\t<\/p>\n<div class=\"form-select\" style=\"margin-top: -26px;\">\n\t<p><span>S\u00e9l\u00e9ctionnez une destination<\/span>\n\n    <span class=\"wpcf7-form-control-wrap\" data-name=\"menu-iles-2\">\n        <select class=\"wpcf7-form-control wpcf7-select country_dropdowns\" style=\"color:#666!important;\" data-type=\"destination\" id=\"form-iles2\" aria-required=\"true\" aria-invalid=\"false\" name=\"menu-iles-2\">\n        <option value=\"\">Arriv\u00e9e *<\/option>\n        <option value=\"GP\">Guadeloupe<\/option><option value=\"GF\">Guyane fran\u00e7aise<\/option><option value=\"MQ\">Martinique<\/option><option value=\"YT\">Mayotte (Ile)<\/option><option value=\"NC\">Nouvelle-Cal\u00e9donie<\/option><option value=\"PF\">Polyn\u00e9sie Fran\u00e7aise<\/option><option value=\"RE\">R\u00e9union<\/option><option value=\"FR\">M\u00e9tropole<\/option>\n        <\/select>\n        <span class=\"dd_req_label\" id=\"req_label_destination\"><\/span>\n    <\/span>\n    \n    <img decoding=\"async\" style=\"top:35px;\" src=\"\/outre-mer\/wp-content\/uploads\/2022\/07\/Arrow_select.png\">\n    \n\n    \n    \n\t<\/p>\n<\/div>\n<p><span class=\"wpcf7-form-control-wrap\" data-name=\"destination_zip_code\"><input size=\"40\" class=\"wpcf7-form-control wpcf7-text wpcf7-validates-as-required zip_code\" id=\"destination_zip_code\" aria-required=\"true\" aria-invalid=\"false\" placeholder=\"Code postal *\" value=\"\" type=\"text\" name=\"destination_zip_code\" \/><\/span>\n<span class=\"wpcf7-form-control-wrap\" data-name=\"destination_address\"><input size=\"40\" class=\"wpcf7-form-control wpcf7-text\" aria-invalid=\"false\" placeholder=\"Adresse de destination\" value=\"\" type=\"text\" name=\"destination_address\" \/><\/span>\n\t\t\t\t<\/div><div class='clear'><\/div>\n<\/p>\n<p><span>Veuillez indiquer la date de votre d\u00e9m\u00e9nagement:<\/span><br \/>\n<div class='one_half'>\n\t\t\t\t\t<span class=\"wpcf7-form-control-wrap\" data-name=\"moving_date\"><input class=\"wpcf7-form-control wpcf7-date wpcf7-validates-as-required wpcf7-validates-as-date\" aria-required=\"true\" aria-invalid=\"false\" value=\"\" type=\"date\" name=\"moving_date\" \/><\/span>\n\t\t\t\t<\/div><br \/>\n<span class=\"wpcf7-form-control-wrap\" data-name=\"textarea-508\"><textarea cols=\"40\" rows=\"10\" class=\"wpcf7-form-control wpcf7-textarea wpcf7-validates-as-required\" aria-required=\"true\" aria-invalid=\"false\" placeholder=\"Votre message*\" name=\"textarea-508\"><\/textarea><\/span>\n<\/p>\n<p><span class=\"wpcf7-form-control-wrap\" data-name=\"acceptance-548\"><span class=\"wpcf7-form-control wpcf7-acceptance optional\"><span class=\"wpcf7-list-item\"><label><input type=\"checkbox\" name=\"acceptance-548\" value=\"1\" aria-invalid=\"false\" \/><span class=\"wpcf7-list-item-label\">Je veux recevoir les informations et actualit\u00e9s d'AGS.<\/span><\/label><\/span><\/span><\/span><br \/>\n<span class=\"wpcf7-form-control-wrap\" data-name=\"acceptance-916\"><span class=\"wpcf7-form-control wpcf7-acceptance\"><span class=\"wpcf7-list-item\"><label><input type=\"checkbox\" name=\"acceptance-916\" value=\"1\" aria-invalid=\"false\" \/><span class=\"wpcf7-list-item-label\">J'ai lu et j'accepte <a href=\"\/outre-mer\/politique-de-confidentialite\/\" target=\"_blank\"> la politique de confidentialit\u00e9<\/a> du site.<\/span><\/label><\/span><\/span><\/span>\n<\/p>\n<span class=\"wpcf7-form-control-wrap recaptcha\" data-name=\"recaptcha\"><span data-sitekey=\"6LcumtsaAAAAAGg4bRhXi_1rsHw2_0I6H_xCdyMj\" class=\"wpcf7-form-control g-recaptcha wpcf7-recaptcha\"><\/span>\r\n<noscript>\r\n\t<div class=\"grecaptcha-noscript\">\r\n\t\t<iframe src=\"https:\/\/www.google.com\/recaptcha\/api\/fallback?k=6LcumtsaAAAAAGg4bRhXi_1rsHw2_0I6H_xCdyMj\" frameborder=\"0\" scrolling=\"no\" width=\"310\" height=\"430\">\r\n\t\t<\/iframe>\r\n\t\t<textarea name=\"g-recaptcha-response\" rows=\"3\" cols=\"40\" placeholder=\"reCaptcha Response Here\">\r\n\t\t<\/textarea>\r\n\t<\/div>\r\n<\/noscript>\r\n<\/span>\n<p><input class=\"wpcf7-form-control has-spinner wpcf7-submit\" type=\"submit\" value=\"Envoyer\" \/>\n<\/p><div class=\"wpcf7-response-output\" aria-hidden=\"true\"><\/div>\n<\/form>\n<\/div>\n\n\t\t\t\t<\/div>\n\t\t\t<\/div>\n\t\t\t\t<\/div>\n\t\t\t<\/div><\/p>\n","protected":false},"author":8,"featured_media":0,"parent":0,"menu_order":0,"comment_status":"closed","ping_status":"closed","template":"","meta":{"_et_pb_use_builder":"on","_et_pb_old_content":"","_et_gb_content_width":"","footnotes":""},"_links":{"self":[{"href":"https:\/\/www.ags-demenagement.com\/outre-mer\/wp-json\/wp\/v2\/pages\/5361"}],"collection":[{"href":"https:\/\/www.ags-demenagement.com\/outre-mer\/wp-json\/wp\/v2\/pages"}],"about":[{"href":"https:\/\/www.ags-demenagement.com\/outre-mer\/wp-json\/wp\/v2\/types\/page"}],"author":[{"embeddable":true,"href":"https:\/\/www.ags-demenagement.com\/outre-mer\/wp-json\/wp\/v2\/users\/8"}],"replies":[{"embeddable":true,"href":"https:\/\/www.ags-demenagement.com\/outre-mer\/wp-json\/wp\/v2\/comments?post=5361"}],"version-history":[{"count":7,"href":"https:\/\/www.ags-demenagement.com\/outre-mer\/wp-json\/wp\/v2\/pages\/5361\/revisions"}],"predecessor-version":[{"id":7627,"href":"https:\/\/www.ags-demenagement.com\/outre-mer\/wp-json\/wp\/v2\/pages\/5361\/revisions\/7627"}],"wp:attachment":[{"href":"https:\/\/www.ags-demenagement.com\/outre-mer\/wp-json\/wp\/v2\/media?parent=5361"}],"curies":[{"name":"wp","href":"https:\/\/api.w.org\/{rel}","templated":true}]}}